{"id":2170,"date":"2020-06-04T12:14:38","date_gmt":"2020-06-04T10:14:38","guid":{"rendered":"https:\/\/planetdark.tv\/pl\/?page_id=2170"},"modified":"2020-09-09T14:05:09","modified_gmt":"2020-09-09T12:05:09","slug":"vod-planet-dark","status":"publish","type":"page","link":"https:\/\/planetdark.tv\/pl\/vod-planet-dark\/","title":{"rendered":"Planet Dark &#8211; kana\u0142 VOD"},"content":{"rendered":"\n<p>Kultowe klasyki, filmy kategorii B, mroczne filmy kr\u00f3tkometra\u017cowe, wielokrotnie nagradzane niezale\u017cne horrory oraz filmy gatunkowe dla ca\u0142ej rodziny. Przygotowujemy dla Ciebie nowy kana\u0142 VOD Planet Dark, na kt\u00f3rym ka\u017cdy znajdzie co\u015b dla siebie.<br>W mi\u0119dzyczasie mo\u017cesz obejrze\u0107 trzy nagradzane czeskie horrory.<\/p>\n\n\n\n<p><br><strong>LESAP\u00c1N \/ 20 min. \/ 2015 \/ Czech Republic<\/strong><br>Re\u017cyseria: Pavel Soukup<br>Scenariusz: Petr Koubek<br>Zdj\u0119cia: V\u00e1clav Tlap\u00e1k<br>Muzyka: Daniel Patras<br>Obsada: Vladim\u00edra Havl\u00ed\u010dkov\u00e1, Marek Posp\u00edchal<\/p>\n\n\n\n<p>Ka\u017cdy powinien si\u0119 k\u0142ania\u0107 w\u0142adcy lasu. Ale kto nim rz\u0105dzi? \u0141owca czy tajemniczy przeciwnik, kt\u00f3ry wy\u0142oni\u0142 si\u0119 bezpo\u015brednio z tajemniczej kniei? <br>Lesap\u00e1n to ballada i horror w jednym.  Re\u017cyserem jest Pavela Soukup&#8217;a a scenarzyst\u0105 Petr Koubek. Film jest swego rodzaju ho\u0142dem dla Karela Jarom\u00edra Erbena.<\/p>\n\n\n\n<figure class=\"wp-block-embed-youtube wp-block-embed is-type-video is-provider-youtube wp-embed-aspect-16-9 wp-has-aspect-ratio\"><div class=\"wp-block-embed__wrapper\">\n<iframe title=\"LESHY \/ LESAP\u00c1N \/ W\u0141ADCA LASU (2015) FULL FILM | PLANET DARK\" width=\"1140\" height=\"641\" src=\"https:\/\/www.youtube.com\/embed\/HbgxyLXM7e4?feature=oembed\" frameborder=\"0\" allow=\"accelerometer; autoplay; encrypted-media; gyroscope; picture-in-picture\" allowfullscreen><\/iframe>\n<\/div><\/figure>\n\n\n\n<p><br><strong>SV\u011aTLONO\u0160 \/ 25 min. \/ 2005 \/ <strong>Czech Republic<\/strong><\/strong><br>Scenariusz i re\u017cyseria: V\u00e1clav \u0160vankmajer<br>Zdj\u0119cia: Martin \u0160t\u011bp\u00e1nek<br>D\u017awi\u0119k: Ond\u0159ej Je\u017eek<\/p>\n\n\n\n<p>Nad miastem zapada nieko\u0144cz\u0105ca si\u0119 noc. Aby zn\u00f3w nadszed\u0142 dzie\u0144, odwa\u017cny bohater musi uda\u0107 si\u0119 do przera\u017caj\u0105cego labiryntu. <strong>SV\u011aTLONO\u0160<\/strong> to z \u0142aciny Lucyfer. Mo\u017ce to troche zasugerowa\u0107 klimat panuj\u0105cy w filmie V\u00e1clava \u0160vankmajera.<\/p>\n\n\n\n<figure class=\"wp-block-embed-youtube wp-block-embed is-type-video is-provider-youtube wp-embed-aspect-16-9 wp-has-aspect-ratio\"><div class=\"wp-block-embed__wrapper\">\n<iframe title=\"SV\u011aTLONO\u0160 \/ TORCHBEARER \/ \u015aWIAT\u0141ONOSZ (2005) FULL FILM | PLANET DARK\" width=\"1140\" height=\"641\" src=\"https:\/\/www.youtube.com\/embed\/wFGajxkT9UA?feature=oembed\" frameborder=\"0\" allow=\"accelerometer; autoplay; encrypted-media; gyroscope; picture-in-picture\" allowfullscreen><\/iframe>\n<\/div><\/figure>\n\n\n\n<p><br><strong>RUCHOTH RAOTH \/ 20 min. \/ 2017 \/ <strong>Czech Republic<\/strong><\/strong><br>Scenariusz i re\u017cyseria: Emil K\u0159i\u017eka<br>Zdj\u0119cia: Ryszard Perzynski<br>Muzyka: Petr Kubel\u00edk<br>Obsada: \u0160t\u011bp\u00e1n Kozub, Alena Sas\u00ednov\u00e1-Polarczyk<\/p>\n\n\n\n<p>\u015amier\u0107 jest integraln\u0105 cz\u0119\u015bci\u0105 naszej \u017cycia. <br>Termin Ruchoth Raoth w demonologii odnosi si\u0119 do dusz zmar\u0142ych z\u0142ych ludzi. Bohater filmu musi zmierzy\u0107 si\u0119 z w\u0142asnymi demonami, aby odnale\u017a\u0107 siebie i wyzwoli\u0107 swoj\u0105 dusz\u0119.<br>Kr\u00f3tki horror Emila K\u0159i\u017eki odni\u00f3s\u0142 sukces na festiwalach filmowych na ca\u0142ym \u015bwiecie, a nawet zdoby\u0142 nagrod\u0119 za najlepsz\u0105 rol\u0119 aktorsk\u0105 w Las Vegas.<\/p>\n\n\n\n<figure class=\"wp-block-embed-youtube wp-block-embed is-type-video is-provider-youtube wp-embed-aspect-16-9 wp-has-aspect-ratio\"><div class=\"wp-block-embed__wrapper\">\n<iframe title=\"RUCHOTH RAOTH (2017) FULL FILM | PLANET DARK\" width=\"1140\" height=\"641\" src=\"https:\/\/www.youtube.com\/embed\/sAct2fM_KPY?feature=oembed\" frameborder=\"0\" allow=\"accelerometer; autoplay; encrypted-media; gyroscope; picture-in-picture\" allowfullscreen><\/iframe>\n<\/div><\/figure>\n","protected":false},"excerpt":{"rendered":"<p>Kultowe klasyki, filmy kategorii B, mroczne filmy kr\u00f3tkometra\u017cowe, wielokrotnie nagradzane niezale\u017cne horrory oraz filmy gatunkowe dla ca\u0142ej rodziny. Przygotowujemy dla Ciebie nowy kana\u0142 VOD Planet Dark, na kt\u00f3rym ka\u017cdy znajdzie co\u015b dla siebie.W mi\u0119dzyczasie mo\u017cesz obejrze\u0107 trzy nagradzane czeskie horrory. LESAP\u00c1N \/ 20 min. \/ 2015 \/ Czech RepublicRe\u017cyseria: Pavel SoukupScenariusz: Petr KoubekZdj\u0119cia: V\u00e1clav Tlap\u00e1kMuzyka: &#8230;<\/p>\n","protected":false},"author":3,"featured_media":1332,"parent":0,"menu_order":0,"comment_status":"closed","ping_status":"closed","template":"page_large_title.php","meta":[],"yoast_head":"<!-- This site is optimized with the Yoast SEO plugin v14.7 - https:\/\/yoast.com\/wordpress\/plugins\/seo\/ -->\n<title>Planet Dark - kana\u0142 VOD | Planet Dark<\/title>\n<meta name=\"robots\" content=\"index, follow\" \/>\n<meta name=\"googlebot\" content=\"index, follow, max-snippet:-1, max-image-preview:large, max-video-preview:-1\" \/>\n<meta name=\"bingbot\" content=\"index, follow, max-snippet:-1, max-image-preview:large, max-video-preview:-1\" \/>\n<link rel=\"canonical\" href=\"https:\/\/planetdark.tv\/pl\/vod-planet-dark\/\" \/>\n<meta property=\"og:locale\" content=\"pl_PL\" \/>\n<meta property=\"og:type\" content=\"article\" \/>\n<meta property=\"og:title\" content=\"Planet Dark - kana\u0142 VOD | Planet Dark\" \/>\n<meta property=\"og:description\" content=\"Kultowe klasyki, filmy kategorii B, mroczne filmy kr\u00f3tkometra\u017cowe, wielokrotnie nagradzane niezale\u017cne horrory oraz filmy gatunkowe dla ca\u0142ej rodziny. Przygotowujemy dla Ciebie nowy kana\u0142 VOD Planet Dark, na kt\u00f3rym ka\u017cdy znajdzie co\u015b dla siebie.W mi\u0119dzyczasie mo\u017cesz obejrze\u0107 trzy nagradzane czeskie horrory. LESAP\u00c1N \/ 20 min. \/ 2015 \/ Czech RepublicRe\u017cyseria: Pavel SoukupScenariusz: Petr KoubekZdj\u0119cia: V\u00e1clav Tlap\u00e1kMuzyka: ...\" \/>\n<meta property=\"og:url\" content=\"https:\/\/planetdark.tv\/pl\/vod-planet-dark\/\" \/>\n<meta property=\"og:site_name\" content=\"Planet Dark\" \/>\n<meta property=\"article:publisher\" content=\"https:\/\/www.facebook.com\/planetdarkpresents\/\" \/>\n<meta property=\"article:modified_time\" content=\"2020-09-09T12:05:09+00:00\" \/>\n<meta property=\"og:image\" content=\"https:\/\/planetdark.tv\/pl\/wp-content\/uploads\/2020\/02\/LESAPAN-SNAPSHOT-18-scaled.jpg\" \/>\n\t<meta property=\"og:image:width\" content=\"2560\" \/>\n\t<meta property=\"og:image:height\" content=\"972\" \/>\n<meta name=\"twitter:card\" content=\"summary_large_image\" \/>\n<script type=\"application\/ld+json\" class=\"yoast-schema-graph\">{\"@context\":\"https:\/\/schema.org\",\"@graph\":[{\"@type\":\"WebSite\",\"@id\":\"https:\/\/planetdark.tv\/pl\/#website\",\"url\":\"https:\/\/planetdark.tv\/pl\/\",\"name\":\"Planet Dark\",\"description\":\"horor - thriller - noir - dark fantasy - true crime\",\"potentialAction\":[{\"@type\":\"SearchAction\",\"target\":\"https:\/\/planetdark.tv\/pl\/?s={search_term_string}\",\"query-input\":\"required name=search_term_string\"}],\"inLanguage\":\"pl-PL\"},{\"@type\":\"ImageObject\",\"@id\":\"https:\/\/planetdark.tv\/pl\/vod-planet-dark\/#primaryimage\",\"inLanguage\":\"pl-PL\",\"url\":\"https:\/\/planetdark.tv\/pl\/wp-content\/uploads\/2020\/02\/LESAPAN-SNAPSHOT-18-scaled.jpg\",\"width\":2560,\"height\":972},{\"@type\":\"WebPage\",\"@id\":\"https:\/\/planetdark.tv\/pl\/vod-planet-dark\/#webpage\",\"url\":\"https:\/\/planetdark.tv\/pl\/vod-planet-dark\/\",\"name\":\"Planet Dark - kana\\u0142 VOD | Planet Dark\",\"isPartOf\":{\"@id\":\"https:\/\/planetdark.tv\/pl\/#website\"},\"primaryImageOfPage\":{\"@id\":\"https:\/\/planetdark.tv\/pl\/vod-planet-dark\/#primaryimage\"},\"datePublished\":\"2020-06-04T10:14:38+00:00\",\"dateModified\":\"2020-09-09T12:05:09+00:00\",\"inLanguage\":\"pl-PL\",\"potentialAction\":[{\"@type\":\"ReadAction\",\"target\":[\"https:\/\/planetdark.tv\/pl\/vod-planet-dark\/\"]}]}]}<\/script>\n<!-- \/ Yoast SEO plugin. -->","_links":{"self":[{"href":"https:\/\/planetdark.tv\/pl\/wp-json\/wp\/v2\/pages\/2170"}],"collection":[{"href":"https:\/\/planetdark.tv\/pl\/wp-json\/wp\/v2\/pages"}],"about":[{"href":"https:\/\/planetdark.tv\/pl\/wp-json\/wp\/v2\/types\/page"}],"author":[{"embeddable":true,"href":"https:\/\/planetdark.tv\/pl\/wp-json\/wp\/v2\/users\/3"}],"replies":[{"embeddable":true,"href":"https:\/\/planetdark.tv\/pl\/wp-json\/wp\/v2\/comments?post=2170"}],"version-history":[{"count":6,"href":"https:\/\/planetdark.tv\/pl\/wp-json\/wp\/v2\/pages\/2170\/revisions"}],"predecessor-version":[{"id":2869,"href":"https:\/\/planetdark.tv\/pl\/wp-json\/wp\/v2\/pages\/2170\/revisions\/2869"}],"wp:featuredmedia":[{"embeddable":true,"href":"https:\/\/planetdark.tv\/pl\/wp-json\/wp\/v2\/media\/1332"}],"wp:attachment":[{"href":"https:\/\/planetdark.tv\/pl\/wp-json\/wp\/v2\/media?parent=2170"}],"curies":[{"name":"wp","href":"https:\/\/api.w.org\/{rel}","templated":true}]}}