{"id":2172,"date":"2020-06-01T12:33:24","date_gmt":"2020-06-01T10:33:24","guid":{"rendered":"https:\/\/planetdark.tv\/pl\/?page_id=2172"},"modified":"2020-09-09T13:18:01","modified_gmt":"2020-09-09T11:18:01","slug":"o-nas","status":"publish","type":"page","link":"https:\/\/planetdark.tv\/pl\/o-nas\/","title":{"rendered":"O NAS"},"content":{"rendered":"\n<p>Jeste\u015bmy kinomanami i filmowcami. \u0141\u0105czy nas mi\u0142o\u015b\u0107 do mrocznych gatunk\u00f3w, kt\u00f3ra da\u0142a pocz\u0105tek platformie internetowej PLANET DARK. Jej celem jest regularne informowanie o aktualnych wydarzeniach ze \u015bwiata horroru, dark fantasy, thrillera, filmu noir czy gatunku true crime.<\/p>\n\n\n\n<p>Stopniowo poszerzamy nasze portfolio. Opr\u00f3cz strony internetowej z informacjami o filmach, serialach i innych projektach, prezentujemy tak\u017ce filmy kr\u00f3tkometra\u017cowe. Mo\u017cna je bezp\u0142atnie ogl\u0105da\u0107 na na naszym kanale YouTube.<\/p>\n\n\n\n<p>W przysz\u0142o\u015bci planujemy program regularnych pokaz\u00f3w filmowych, a tak\u017ce w\u0142asny serwis VOD.<\/p>\n\n\n\n<p>Planet Dark to jedno z wielu dzia\u0142a\u0144 firmy produkcyjnej Bionaut, kt\u00f3ra ma na koncie nagradzane filmy i seriale, takie jak jak Handcuffs, Mamon, Lady &amp; King czy #martyisdead.<\/p>\n\n\n\n<p>Naszym celem jest stworzenie przestrzeni, w kt\u00f3rej odbiorcy b\u0119d\u0105 mogli znale\u017a\u0107 aktualne informacje, obejrze\u0107 zwiastuny, a przede wszystkim zapozna\u0107 si\u0119 z czesk\u0105 i polsk\u0105 produkcj\u0105 gatunkow\u0105.<\/p>\n\n\n\n<figure class=\"wp-block-image size-large is-resized\"><img loading=\"lazy\" src=\"https:\/\/planetdark.tv\/pl\/wp-content\/uploads\/2020\/05\/PD-o-nas-03-1024x683.jpg\" alt=\"\" class=\"wp-image-1973\" width=\"728\" height=\"484\" srcset=\"https:\/\/planetdark.tv\/pl\/wp-content\/uploads\/2020\/05\/PD-o-nas-03-600x400.jpg 600w, https:\/\/planetdark.tv\/pl\/wp-content\/uploads\/2020\/05\/PD-o-nas-03-300x200.jpg 300w, https:\/\/planetdark.tv\/pl\/wp-content\/uploads\/2020\/05\/PD-o-nas-03-335x224.jpg 335w\" sizes=\"(max-width: 728px) 100vw, 728px\" \/><\/figure>\n","protected":false},"excerpt":{"rendered":"<p>Jeste\u015bmy kinomanami i filmowcami. \u0141\u0105czy nas mi\u0142o\u015b\u0107 do mrocznych gatunk\u00f3w, kt\u00f3ra da\u0142a pocz\u0105tek platformie internetowej PLANET DARK. Jej celem jest regularne informowanie o aktualnych wydarzeniach ze \u015bwiata horroru, dark fantasy, thrillera, filmu noir czy gatunku true crime. Stopniowo poszerzamy nasze portfolio. Opr\u00f3cz strony internetowej z informacjami o filmach, serialach i innych projektach, prezentujemy tak\u017ce filmy &#8230;<\/p>\n","protected":false},"author":3,"featured_media":1969,"parent":0,"menu_order":0,"comment_status":"closed","ping_status":"closed","template":"page_large_title.php","meta":[],"yoast_head":"<!-- This site is optimized with the Yoast SEO plugin v14.7 - https:\/\/yoast.com\/wordpress\/plugins\/seo\/ -->\n<title>O NAS | Planet Dark<\/title>\n<meta name=\"robots\" content=\"index, follow\" \/>\n<meta name=\"googlebot\" content=\"index, follow, max-snippet:-1, max-image-preview:large, max-video-preview:-1\" \/>\n<meta name=\"bingbot\" content=\"index, follow, max-snippet:-1, max-image-preview:large, max-video-preview:-1\" \/>\n<link rel=\"canonical\" href=\"https:\/\/planetdark.tv\/pl\/o-nas\/\" \/>\n<meta property=\"og:locale\" content=\"pl_PL\" \/>\n<meta property=\"og:type\" content=\"article\" \/>\n<meta property=\"og:title\" content=\"O NAS | Planet Dark\" \/>\n<meta property=\"og:description\" content=\"Jeste\u015bmy kinomanami i filmowcami. \u0141\u0105czy nas mi\u0142o\u015b\u0107 do mrocznych gatunk\u00f3w, kt\u00f3ra da\u0142a pocz\u0105tek platformie internetowej PLANET DARK. Jej celem jest regularne informowanie o aktualnych wydarzeniach ze \u015bwiata horroru, dark fantasy, thrillera, filmu noir czy gatunku true crime. Stopniowo poszerzamy nasze portfolio. Opr\u00f3cz strony internetowej z informacjami o filmach, serialach i innych projektach, prezentujemy tak\u017ce filmy ...\" \/>\n<meta property=\"og:url\" content=\"https:\/\/planetdark.tv\/pl\/o-nas\/\" \/>\n<meta property=\"og:site_name\" content=\"Planet Dark\" \/>\n<meta property=\"article:publisher\" content=\"https:\/\/www.facebook.com\/planetdarkpresents\/\" \/>\n<meta property=\"article:modified_time\" content=\"2020-09-09T11:18:01+00:00\" \/>\n<meta property=\"og:image\" content=\"https:\/\/planetdark.tv\/pl\/wp-content\/uploads\/2020\/05\/PD-o-nas-01.jpg\" \/>\n\t<meta property=\"og:image:width\" content=\"2048\" \/>\n\t<meta property=\"og:image:height\" content=\"785\" \/>\n<meta name=\"twitter:card\" content=\"summary_large_image\" \/>\n<script type=\"application\/ld+json\" class=\"yoast-schema-graph\">{\"@context\":\"https:\/\/schema.org\",\"@graph\":[{\"@type\":\"WebSite\",\"@id\":\"https:\/\/planetdark.tv\/pl\/#website\",\"url\":\"https:\/\/planetdark.tv\/pl\/\",\"name\":\"Planet Dark\",\"description\":\"horor - thriller - noir - dark fantasy - true crime\",\"potentialAction\":[{\"@type\":\"SearchAction\",\"target\":\"https:\/\/planetdark.tv\/pl\/?s={search_term_string}\",\"query-input\":\"required name=search_term_string\"}],\"inLanguage\":\"pl-PL\"},{\"@type\":\"ImageObject\",\"@id\":\"https:\/\/planetdark.tv\/pl\/o-nas\/#primaryimage\",\"inLanguage\":\"pl-PL\",\"url\":\"https:\/\/planetdark.tv\/pl\/wp-content\/uploads\/2020\/05\/PD-o-nas-01.jpg\",\"width\":2048,\"height\":785},{\"@type\":\"WebPage\",\"@id\":\"https:\/\/planetdark.tv\/pl\/o-nas\/#webpage\",\"url\":\"https:\/\/planetdark.tv\/pl\/o-nas\/\",\"name\":\"O NAS | Planet Dark\",\"isPartOf\":{\"@id\":\"https:\/\/planetdark.tv\/pl\/#website\"},\"primaryImageOfPage\":{\"@id\":\"https:\/\/planetdark.tv\/pl\/o-nas\/#primaryimage\"},\"datePublished\":\"2020-06-01T10:33:24+00:00\",\"dateModified\":\"2020-09-09T11:18:01+00:00\",\"inLanguage\":\"pl-PL\",\"potentialAction\":[{\"@type\":\"ReadAction\",\"target\":[\"https:\/\/planetdark.tv\/pl\/o-nas\/\"]}]}]}<\/script>\n<!-- \/ Yoast SEO plugin. -->","_links":{"self":[{"href":"https:\/\/planetdark.tv\/pl\/wp-json\/wp\/v2\/pages\/2172"}],"collection":[{"href":"https:\/\/planetdark.tv\/pl\/wp-json\/wp\/v2\/pages"}],"about":[{"href":"https:\/\/planetdark.tv\/pl\/wp-json\/wp\/v2\/types\/page"}],"author":[{"embeddable":true,"href":"https:\/\/planetdark.tv\/pl\/wp-json\/wp\/v2\/users\/3"}],"replies":[{"embeddable":true,"href":"https:\/\/planetdark.tv\/pl\/wp-json\/wp\/v2\/comments?post=2172"}],"version-history":[{"count":9,"href":"https:\/\/planetdark.tv\/pl\/wp-json\/wp\/v2\/pages\/2172\/revisions"}],"predecessor-version":[{"id":2867,"href":"https:\/\/planetdark.tv\/pl\/wp-json\/wp\/v2\/pages\/2172\/revisions\/2867"}],"wp:featuredmedia":[{"embeddable":true,"href":"https:\/\/planetdark.tv\/pl\/wp-json\/wp\/v2\/media\/1969"}],"wp:attachment":[{"href":"https:\/\/planetdark.tv\/pl\/wp-json\/wp\/v2\/media?parent=2172"}],"curies":[{"name":"wp","href":"https:\/\/api.w.org\/{rel}","templated":true}]}}